{"id":44,"date":"2025-07-26T17:25:15","date_gmt":"2025-07-26T14:25:15","guid":{"rendered":"http:\/\/tektatunlumamulleri.com\/?page_id=44"},"modified":"2025-07-27T22:38:59","modified_gmt":"2025-07-27T19:38:59","slug":"urunlerimiz","status":"publish","type":"page","link":"https:\/\/tektatunlumamulleri.com\/?page_id=44","title":{"rendered":"\u00dcr\u00fcnlerimiz"},"content":{"rendered":"\t\t<div data-elementor-type=\"wp-page\" data-elementor-id=\"44\" class=\"elementor elementor-44\">\n\t\t\t\t<div class=\"elementor-element elementor-element-958351e e-flex e-con-boxed e-con e-parent\" data-id=\"958351e\" data-element_type=\"container\">\n\t\t\t\t\t<div class=\"e-con-inner\">\n\t\t<div class=\"elementor-element elementor-element-36c6375 e-con-full e-flex e-con e-child\" data-id=\"36c6375\" data-element_type=\"container\">\n\t\t\t\t<div class=\"elementor-element elementor-element-a2e66e5 elementor-widget elementor-widget-image\" data-id=\"a2e66e5\" data-element_type=\"widget\" data-widget_type=\"image.default\">\n\t\t\t\t\t\t\t\t\t\t\t\t\t\t\t<img fetchpriority=\"high\" decoding=\"async\" width=\"298\" height=\"300\" src=\"https:\/\/tektatunlumamulleri.com\/wp-content\/uploads\/2025\/07\/koseli_sarma-660-x-664-1-298x300.png\" class=\"attachment-medium size-medium wp-image-78\" alt=\"\" srcset=\"https:\/\/tektatunlumamulleri.com\/wp-content\/uploads\/2025\/07\/koseli_sarma-660-x-664-1-298x300.png 298w, https:\/\/tektatunlumamulleri.com\/wp-content\/uploads\/2025\/07\/koseli_sarma-660-x-664-1-150x150.png 150w, https:\/\/tektatunlumamulleri.com\/wp-content\/uploads\/2025\/07\/koseli_sarma-660-x-664-1.png 660w\" sizes=\"(max-width: 298px) 100vw, 298px\" \/>\t\t\t\t\t\t\t\t\t\t\t\t\t\t\t<\/div>\n\t\t\t\t<div class=\"elementor-element elementor-element-12fed59 elementor-widget elementor-widget-heading\" data-id=\"12fed59\" data-element_type=\"widget\" data-widget_type=\"heading.default\">\n\t\t\t\t\t<h4 class=\"elementor-heading-title elementor-size-default\">K\u00f6\u015feli Sarma 400gr.<\/h4>\t\t\t\t<\/div>\n\t\t\t\t<\/div>\n\t\t<div class=\"elementor-element elementor-element-ab9a681 e-con-full e-flex e-con e-child\" data-id=\"ab9a681\" data-element_type=\"container\">\n\t\t\t\t<div class=\"elementor-element elementor-element-6df2591 elementor-widget elementor-widget-image\" data-id=\"6df2591\" data-element_type=\"widget\" data-widget_type=\"image.default\">\n\t\t\t\t\t\t\t\t\t\t\t\t\t\t\t<img decoding=\"async\" width=\"199\" height=\"300\" src=\"https:\/\/tektatunlumamulleri.com\/wp-content\/uploads\/2025\/07\/kare_sarma-558-x-843-1-199x300.png\" class=\"attachment-medium size-medium wp-image-80\" alt=\"\" srcset=\"https:\/\/tektatunlumamulleri.com\/wp-content\/uploads\/2025\/07\/kare_sarma-558-x-843-1-199x300.png 199w, https:\/\/tektatunlumamulleri.com\/wp-content\/uploads\/2025\/07\/kare_sarma-558-x-843-1.png 558w\" sizes=\"(max-width: 199px) 100vw, 199px\" \/>\t\t\t\t\t\t\t\t\t\t\t\t\t\t\t<\/div>\n\t\t\t\t<div class=\"elementor-element elementor-element-dff1903 elementor-widget elementor-widget-heading\" data-id=\"dff1903\" data-element_type=\"widget\" data-widget_type=\"heading.default\">\n\t\t\t\t\t<h4 class=\"elementor-heading-title elementor-size-default\">Kare Sarma 400gr.<\/h4>\t\t\t\t<\/div>\n\t\t\t\t<\/div>\n\t\t<div class=\"elementor-element elementor-element-3042f75 e-con-full e-flex e-con e-child\" data-id=\"3042f75\" data-element_type=\"container\">\n\t\t\t\t<div class=\"elementor-element elementor-element-a62868e elementor-widget elementor-widget-image\" data-id=\"a62868e\" data-element_type=\"widget\" data-widget_type=\"image.default\">\n\t\t\t\t\t\t\t\t\t\t\t\t\t\t\t<img decoding=\"async\" width=\"204\" height=\"300\" src=\"https:\/\/tektatunlumamulleri.com\/wp-content\/uploads\/2025\/07\/siron-658-x-967-204x300.png\" class=\"attachment-medium size-medium wp-image-85\" alt=\"\" srcset=\"https:\/\/tektatunlumamulleri.com\/wp-content\/uploads\/2025\/07\/siron-658-x-967-204x300.png 204w, https:\/\/tektatunlumamulleri.com\/wp-content\/uploads\/2025\/07\/siron-658-x-967.png 658w\" sizes=\"(max-width: 204px) 100vw, 204px\" \/>\t\t\t\t\t\t\t\t\t\t\t\t\t\t\t<\/div>\n\t\t\t\t<div class=\"elementor-element elementor-element-661a55e elementor-widget elementor-widget-heading\" data-id=\"661a55e\" data-element_type=\"widget\" data-widget_type=\"heading.default\">\n\t\t\t\t\t<h4 class=\"elementor-heading-title elementor-size-default\">Siron 350gr.<\/h4>\t\t\t\t<\/div>\n\t\t\t\t<\/div>\n\t\t<div class=\"elementor-element elementor-element-0a461f2 e-con-full e-flex e-con e-child\" data-id=\"0a461f2\" data-element_type=\"container\">\n\t\t\t\t<div class=\"elementor-element elementor-element-4607eb0 elementor-widget elementor-widget-image\" data-id=\"4607eb0\" data-element_type=\"widget\" data-widget_type=\"image.default\">\n\t\t\t\t\t\t\t\t\t\t\t\t\t\t\t<img loading=\"lazy\" decoding=\"async\" width=\"300\" height=\"198\" src=\"https:\/\/tektatunlumamulleri.com\/wp-content\/uploads\/2025\/07\/minik_tatar-625-x-412-300x198.png\" class=\"attachment-medium size-medium wp-image-82\" alt=\"\" srcset=\"https:\/\/tektatunlumamulleri.com\/wp-content\/uploads\/2025\/07\/minik_tatar-625-x-412-300x198.png 300w, https:\/\/tektatunlumamulleri.com\/wp-content\/uploads\/2025\/07\/minik_tatar-625-x-412.png 625w\" sizes=\"(max-width: 300px) 100vw, 300px\" \/>\t\t\t\t\t\t\t\t\t\t\t\t\t\t\t<\/div>\n\t\t\t\t<div class=\"elementor-element elementor-element-06c6551 elementor-widget elementor-widget-heading\" data-id=\"06c6551\" data-element_type=\"widget\" data-widget_type=\"heading.default\">\n\t\t\t\t\t<h4 class=\"elementor-heading-title elementor-size-default\">Tatar Eri\u015fte 400gr.<\/h4>\t\t\t\t<\/div>\n\t\t\t\t<\/div>\n\t\t<div class=\"elementor-element elementor-element-c25b43f e-con-full e-flex e-con e-child\" data-id=\"c25b43f\" data-element_type=\"container\">\n\t\t\t\t<div class=\"elementor-element elementor-element-29752e0 elementor-widget elementor-widget-image\" data-id=\"29752e0\" data-element_type=\"widget\" data-widget_type=\"image.default\">\n\t\t\t\t\t\t\t\t\t\t\t\t\t\t\t<img loading=\"lazy\" decoding=\"async\" width=\"300\" height=\"237\" src=\"https:\/\/tektatunlumamulleri.com\/wp-content\/uploads\/2025\/07\/minik_eriste-613-x-484-1-300x237.png\" class=\"attachment-medium size-medium wp-image-121\" alt=\"\" srcset=\"https:\/\/tektatunlumamulleri.com\/wp-content\/uploads\/2025\/07\/minik_eriste-613-x-484-1-300x237.png 300w, https:\/\/tektatunlumamulleri.com\/wp-content\/uploads\/2025\/07\/minik_eriste-613-x-484-1.png 613w\" sizes=\"(max-width: 300px) 100vw, 300px\" \/>\t\t\t\t\t\t\t\t\t\t\t\t\t\t\t<\/div>\n\t\t\t\t<div class=\"elementor-element elementor-element-ca61ff0 elementor-widget elementor-widget-heading\" data-id=\"ca61ff0\" data-element_type=\"widget\" data-widget_type=\"heading.default\">\n\t\t\t\t\t<h4 class=\"elementor-heading-title elementor-size-default\">D\u00f6kme K\u00f6y Eri\u015ftesi 400gr.<\/h4>\t\t\t\t<\/div>\n\t\t\t\t<\/div>\n\t\t<div class=\"elementor-element elementor-element-b01150f e-con-full e-flex e-con e-child\" data-id=\"b01150f\" data-element_type=\"container\">\n\t\t\t\t<div class=\"elementor-element elementor-element-7da06ed elementor-widget elementor-widget-image\" data-id=\"7da06ed\" data-element_type=\"widget\" data-widget_type=\"image.default\">\n\t\t\t\t\t\t\t\t\t\t\t\t\t\t\t<img loading=\"lazy\" decoding=\"async\" width=\"300\" height=\"202\" src=\"https:\/\/tektatunlumamulleri.com\/wp-content\/uploads\/2025\/07\/muhallebilik-697-x-470-300x202.png\" class=\"attachment-medium size-medium wp-image-84\" alt=\"\" srcset=\"https:\/\/tektatunlumamulleri.com\/wp-content\/uploads\/2025\/07\/muhallebilik-697-x-470-300x202.png 300w, https:\/\/tektatunlumamulleri.com\/wp-content\/uploads\/2025\/07\/muhallebilik-697-x-470.png 697w\" sizes=\"(max-width: 300px) 100vw, 300px\" \/>\t\t\t\t\t\t\t\t\t\t\t\t\t\t\t<\/div>\n\t\t\t\t<div class=\"elementor-element elementor-element-59cbc17 elementor-widget elementor-widget-heading\" data-id=\"59cbc17\" data-element_type=\"widget\" data-widget_type=\"heading.default\">\n\t\t\t\t\t<h4 class=\"elementor-heading-title elementor-size-default\">Paket Kavrulmu\u015f Kaday\u0131f 250gr.<\/h4>\t\t\t\t<\/div>\n\t\t\t\t<\/div>\n\t\t\t\t\t<\/div>\n\t\t\t\t<\/div>\n\t\t<div class=\"elementor-element elementor-element-9beb582 e-flex e-con-boxed e-con e-parent\" data-id=\"9beb582\" data-element_type=\"container\">\n\t\t\t\t\t<div class=\"e-con-inner\">\n\t\t<div class=\"elementor-element elementor-element-1c72d70 e-con-full e-flex e-con e-child\" data-id=\"1c72d70\" data-element_type=\"container\">\n\t\t\t\t<\/div>\n\t\t\t\t<div class=\"elementor-element elementor-element-76a74f8 elementor-widget elementor-widget-heading\" data-id=\"76a74f8\" data-element_type=\"widget\" data-widget_type=\"heading.default\">\n\t\t\t\t\t<h1 class=\"elementor-heading-title elementor-size-default\">G\u00dcNCEL \u00dcR\u00dcN L\u0130STES\u0130<\/h1>\t\t\t\t<\/div>\n\t\t\t\t<div class=\"elementor-element elementor-element-b5ccb30 elementor-widget elementor-widget-text-editor\" data-id=\"b5ccb30\" data-element_type=\"widget\" data-widget_type=\"text-editor.default\">\n\t\t\t\t\t\t\t\t\t\n<table border=\"1\">\n<tbody>\n<tr>\n<td>\u00c7i\u011f \/ Kavrulmu\u015f \/ Has\u0131r \/ Vakumlu \/ Kuru Kaday\u0131f \u00c7e\u015fitleri<\/td>\n<\/tr>\n<tr>\n<td>400gr.Sarma Kaday\u0131f \u00c7e\u015fitleri<\/td>\n<\/tr>\n<tr>\n<td>10kg. D\u00f6kme \/ 400gr. Paket K\u00f6y Eri\u015ftesi<\/td>\n<\/tr>\n<tr>\n<td>Ya\u015f Eri\u015fte 500gr. Vakumlu<\/td>\n<\/tr>\n<tr>\n<td> Paket Siron 350gr.<\/td>\n<\/tr>\n<tr>\n<td>Hayrabolu Tatl\u0131s\u0131 Paket (15adet)<\/td>\n<\/tr>\n<tr>\n<td>Gegeler \/ Nevzat \/ \u015eifa Kemalpa\u015fa ve Peynir Tatl\u0131s\u0131<\/td>\n<\/tr>\n<tr>\n<td>K\u00f6y\u00fcm Tarhana 5kg. \u00c7uval K\u00f6y Tarhanas\u0131<\/td>\n<\/tr><tr>\n<td>Ekmek Kaday\u0131f\u0131 175gr. \/ 300gr. \/ 600gr.<\/td>\n<\/tr>\n<tr>\n<td>Yufbi 500gr. \/ 800gr. \/ 1000gr. Vakumlu Baklava yufkas\u0131<\/td>\n<\/tr>\n<tr>\n<td>Yufbi 500gr. Su B\u00f6re\u011fi<\/td>\n<\/tr>\n<tr>\n<td>10&#8217;lu Kuru K\u00f6y Yufkas\u0131 Po\u015fetli<\/td>\n<\/tr>\n<tr>\n<td>Kuru Mant\u0131 5kg. Po\u015fetli<\/td>\n<\/tr>\n\n<\/tbody>\n<\/table>\t\t\t\t\t\t\t\t<\/div>\n\t\t\t\t<div class=\"elementor-element elementor-element-37bc2a7 elementor-widget elementor-widget-text-editor\" data-id=\"37bc2a7\" data-element_type=\"widget\" data-widget_type=\"text-editor.default\">\n\t\t\t\t\t\t\t\t\t<p>Toptan ve perakende fiyatland\u0131rma i\u00e7in l\u00fctfen bizimle <a href=\"https:\/\/tektatunlumamulleri.com\/?page_id=14\">ileti\u015fim<\/a>e ge\u00e7iniz.<\/p>\t\t\t\t\t\t\t\t<\/div>\n\t\t\t\t\t<\/div>\n\t\t\t\t<\/div>\n\t\t\t\t<\/div>\n\t\t","protected":false},"excerpt":{"rendered":"<p>K\u00f6\u015feli Sarma 400gr. Kare Sarma 400gr. Siron 350gr. Tatar Eri\u015fte 400gr. D\u00f6kme K\u00f6y Eri\u015ftesi 400gr. Paket Kavrulmu\u015f Kaday\u0131f 250gr. G\u00dcNCEL \u00dcR\u00dcN L\u0130STES\u0130 \u00c7i\u011f \/ Kavrulmu\u015f \/ Has\u0131r \/ Vakumlu \/ Kuru Kaday\u0131f \u00c7e\u015fitleri 400gr.Sarma Kaday\u0131f \u00c7e\u015fitleri 10kg. D\u00f6kme \/ 400gr. Paket K\u00f6y Eri\u015ftesi Ya\u015f Eri\u015fte 500gr. Vakumlu Paket Siron 350gr. Hayrabolu Tatl\u0131s\u0131 Paket (15adet) Gegeler \/ Nevzat \/ \u015eifa Kemalpa\u015fa [&hellip;]<\/p>\n","protected":false},"author":1,"featured_media":0,"parent":0,"menu_order":0,"comment_status":"closed","ping_status":"closed","template":"","meta":{"footnotes":""},"class_list":["post-44","page","type-page","status-publish","hentry"],"_links":{"self":[{"href":"https:\/\/tektatunlumamulleri.com\/index.php?rest_route=\/wp\/v2\/pages\/44","targetHints":{"allow":["GET"]}}],"collection":[{"href":"https:\/\/tektatunlumamulleri.com\/index.php?rest_route=\/wp\/v2\/pages"}],"about":[{"href":"https:\/\/tektatunlumamulleri.com\/index.php?rest_route=\/wp\/v2\/types\/page"}],"author":[{"embeddable":true,"href":"https:\/\/tektatunlumamulleri.com\/index.php?rest_route=\/wp\/v2\/users\/1"}],"replies":[{"embeddable":true,"href":"https:\/\/tektatunlumamulleri.com\/index.php?rest_route=%2Fwp%2Fv2%2Fcomments&post=44"}],"version-history":[{"count":19,"href":"https:\/\/tektatunlumamulleri.com\/index.php?rest_route=\/wp\/v2\/pages\/44\/revisions"}],"predecessor-version":[{"id":124,"href":"https:\/\/tektatunlumamulleri.com\/index.php?rest_route=\/wp\/v2\/pages\/44\/revisions\/124"}],"wp:attachment":[{"href":"https:\/\/tektatunlumamulleri.com\/index.php?rest_route=%2Fwp%2Fv2%2Fmedia&parent=44"}],"curies":[{"name":"wp","href":"https:\/\/api.w.org\/{rel}","templated":true}]}}