{"id":12,"date":"2025-07-26T16:49:21","date_gmt":"2025-07-26T13:49:21","guid":{"rendered":"http:\/\/tektatunlumamulleri.com\/?page_id=12"},"modified":"2025-07-27T17:17:17","modified_gmt":"2025-07-27T14:17:17","slug":"hakkimizda","status":"publish","type":"page","link":"https:\/\/tektatunlumamulleri.com\/?page_id=12","title":{"rendered":"Hakk\u0131m\u0131zda"},"content":{"rendered":"\t\t<div data-elementor-type=\"wp-page\" data-elementor-id=\"12\" class=\"elementor elementor-12\">\n\t\t\t\t<div class=\"elementor-element elementor-element-0a1623d e-flex e-con-boxed e-con e-parent\" data-id=\"0a1623d\" data-element_type=\"container\">\n\t\t\t\t\t<div class=\"e-con-inner\">\n\t\t\t\t<div class=\"elementor-element elementor-element-5db16dc elementor-widget elementor-widget-text-editor\" data-id=\"5db16dc\" data-element_type=\"widget\" data-widget_type=\"text-editor.default\">\n\t\t\t\t\t\t\t\t\t<p>Firmam\u0131z, 2002 y\u0131l\u0131nda Kastamonu\u2019da kurulmu\u015f olup, g\u0131da sekt\u00f6r\u00fcndeki yolculu\u011funa \u00e7i\u011f kaday\u0131f \u00fcretimiyle ba\u015flam\u0131\u015ft\u0131r. Bug\u00fcn \u0130stanbul Ba\u011fc\u0131lar\u2019da faaliyet g\u00f6steren i\u015fletmemiz, kalite ve hijyen \u00f6nceli\u011fiyle \u00fcretimine devam etmektedir.<\/p><p>Ana \u00fcr\u00fcn\u00fcm\u00fcz olan \u00e7i\u011f kaday\u0131f\u0131n yan\u0131 s\u0131ra, eri\u015fte ve siron \u00fcretimi de yapmaktay\u0131z. Bunlara ek olarak; Kemalpa\u015fa tatl\u0131s\u0131, \u015fekerpare, tarhana, Hayrabolu tatl\u0131s\u0131 ve baklava yufkas\u0131 gibi \u00e7e\u015fitli y\u00f6resel ve tamamlay\u0131c\u0131 \u00fcr\u00fcnleri de m\u00fc\u015fterilerimize sunmaktay\u0131z.<\/p><p>\u0130stanbul genelinde, hafta i\u00e7i belirli ve sabit servis g\u00fcnlerimizle d\u00fczenli olarak teslimat yap\u0131yor; \u00fcr\u00fcnlerimizi taze, h\u0131zl\u0131 ve g\u00fcvenilir bir \u015fekilde sizlere ula\u015ft\u0131r\u0131yoruz.<\/p><p>Kaliteli \u00fcretim anlay\u0131\u015f\u0131m\u0131zdan \u00f6d\u00fcn vermeden, geleneksel tatlar\u0131 sofralar\u0131n\u0131za en do\u011fal haliyle getirmeye devam ediyoruz.<\/p><p>Konum ve ileti\u015fim bilgilerimiz i\u00e7in l\u00fctfen <a href=\"https:\/\/tektatunlumamulleri.com\/?page_id=14\">\u0130leti\u015fim Sayfam\u0131z\u0131<\/a> ziyaret ediniz.<\/p>\t\t\t\t\t\t\t\t<\/div>\n\t\t\t\t\t<\/div>\n\t\t\t\t<\/div>\n\t\t\t\t<\/div>\n\t\t","protected":false},"excerpt":{"rendered":"<p>Firmam\u0131z, 2002 y\u0131l\u0131nda Kastamonu\u2019da kurulmu\u015f olup, g\u0131da sekt\u00f6r\u00fcndeki yolculu\u011funa \u00e7i\u011f kaday\u0131f \u00fcretimiyle ba\u015flam\u0131\u015ft\u0131r. Bug\u00fcn \u0130stanbul Ba\u011fc\u0131lar\u2019da faaliyet g\u00f6steren i\u015fletmemiz, kalite ve hijyen \u00f6nceli\u011fiyle \u00fcretimine devam etmektedir. Ana \u00fcr\u00fcn\u00fcm\u00fcz olan \u00e7i\u011f kaday\u0131f\u0131n yan\u0131 s\u0131ra, eri\u015fte ve siron \u00fcretimi de yapmaktay\u0131z. Bunlara ek olarak; Kemalpa\u015fa tatl\u0131s\u0131, \u015fekerpare, tarhana, Hayrabolu tatl\u0131s\u0131 ve baklava yufkas\u0131 gibi \u00e7e\u015fitli y\u00f6resel ve tamamlay\u0131c\u0131 \u00fcr\u00fcnleri de m\u00fc\u015fterilerimize sunmaktay\u0131z. [&hellip;]<\/p>\n","protected":false},"author":1,"featured_media":0,"parent":0,"menu_order":0,"comment_status":"closed","ping_status":"closed","template":"","meta":{"footnotes":""},"class_list":["post-12","page","type-page","status-publish","hentry"],"_links":{"self":[{"href":"https:\/\/tektatunlumamulleri.com\/index.php?rest_route=\/wp\/v2\/pages\/12","targetHints":{"allow":["GET"]}}],"collection":[{"href":"https:\/\/tektatunlumamulleri.com\/index.php?rest_route=\/wp\/v2\/pages"}],"about":[{"href":"https:\/\/tektatunlumamulleri.com\/index.php?rest_route=\/wp\/v2\/types\/page"}],"author":[{"embeddable":true,"href":"https:\/\/tektatunlumamulleri.com\/index.php?rest_route=\/wp\/v2\/users\/1"}],"replies":[{"embeddable":true,"href":"https:\/\/tektatunlumamulleri.com\/index.php?rest_route=%2Fwp%2Fv2%2Fcomments&post=12"}],"version-history":[{"count":4,"href":"https:\/\/tektatunlumamulleri.com\/index.php?rest_route=\/wp\/v2\/pages\/12\/revisions"}],"predecessor-version":[{"id":73,"href":"https:\/\/tektatunlumamulleri.com\/index.php?rest_route=\/wp\/v2\/pages\/12\/revisions\/73"}],"wp:attachment":[{"href":"https:\/\/tektatunlumamulleri.com\/index.php?rest_route=%2Fwp%2Fv2%2Fmedia&parent=12"}],"curies":[{"name":"wp","href":"https:\/\/api.w.org\/{rel}","templated":true}]}}